{"id":22,"date":"2018-11-28T19:37:56","date_gmt":"2018-11-28T17:37:56","guid":{"rendered":"https:\/\/www.joanet.com\/ds\/?page_id=22"},"modified":"2021-05-24T20:16:41","modified_gmt":"2021-05-24T18:16:41","slug":"destinations","status":"publish","type":"page","link":"https:\/\/destination-spain.com\/spanish\/destinations\/","title":{"rendered":"DESTINOS"},"content":{"rendered":"<section class=\"l-section wpb_row height_auto\"><div class=\"l-section-h i-cf\"><div class=\"g-cols vc_row via_flex valign_top type_default stacking_default\"><div class=\"vc_col-sm-12 wpb_column vc_column_container\"><div class=\"vc_column-inner us_custom_a968583f\"><div class=\"wpb_wrapper\"><div class=\"w-separator size_medium\"><\/div><div class=\"wpb_text_column\"><div class=\"wpb_wrapper\"><h6 style=\"text-align: center;\">Cada d\u00eda, un nuevo paisaje, una nueva experiencia, una nueva emoci\u00f3n: te damos la bienvenida a nuestros fascinantes itinerarios.<\/h6>\n<\/div><\/div><\/div><\/div><\/div><\/div><\/div><\/section><section class=\"l-section wpb_row us_custom_5848baef height_large\"><div class=\"l-section-h i-cf\"><div class=\"g-cols vc_row via_flex valign_top type_default stacking_default\"><div class=\"vc_col-sm-6 wpb_column vc_column_container\"><div class=\"vc_column-inner\"><div class=\"wpb_wrapper\"><div class=\"w-btn-wrapper align_center\"><a class=\"w-btn us-btn-style_1\" href=\"https:\/\/destination-spain.com\/spanish\/spain\/\"><span class=\"w-btn-label\">ESPA\u00d1A<\/span><\/a><\/div><div class=\"w-image align_center us_animate_afr\" style=\"animation-delay:0.8s\"><div class=\"w-image-h\"><img decoding=\"async\" width=\"1024\" height=\"685\" src=\"https:\/\/destination-spain.com\/spanish\/wp-content\/uploads\/sites\/3\/2018\/12\/Plaza_Mayor_de_Madrid_02-1024x685.jpg\" class=\"attachment-large size-large\" alt=\"\" loading=\"lazy\" srcset=\"https:\/\/destination-spain.com\/spanish\/wp-content\/uploads\/sites\/3\/2018\/12\/Plaza_Mayor_de_Madrid_02-1024x685.jpg 1024w, https:\/\/destination-spain.com\/spanish\/wp-content\/uploads\/sites\/3\/2018\/12\/Plaza_Mayor_de_Madrid_02-300x201.jpg 300w, https:\/\/destination-spain.com\/spanish\/wp-content\/uploads\/sites\/3\/2018\/12\/Plaza_Mayor_de_Madrid_02.jpg 1200w\" sizes=\"auto, (max-width: 1024px) 100vw, 1024px\" \/><\/div><\/div><\/div><\/div><\/div><div class=\"vc_col-sm-6 wpb_column vc_column_container\"><div class=\"vc_column-inner\"><div class=\"wpb_wrapper\"><div class=\"w-btn-wrapper align_center\"><a class=\"w-btn us-btn-style_1\" href=\"https:\/\/destination-spain.com\/spanish\/portugal\/\"><span class=\"w-btn-label\">PORTUGAL<\/span><\/a><\/div><div class=\"w-image align_center us_animate_afl\" style=\"animation-delay:0.8s\"><div class=\"w-image-h\"><img decoding=\"async\" width=\"1024\" height=\"683\" src=\"https:\/\/destination-spain.com\/spanish\/wp-content\/uploads\/sites\/3\/2018\/12\/Lisbon-1024x683.jpg\" class=\"attachment-large size-large\" alt=\"\" loading=\"lazy\" srcset=\"https:\/\/destination-spain.com\/spanish\/wp-content\/uploads\/sites\/3\/2018\/12\/Lisbon-1024x683.jpg 1024w, https:\/\/destination-spain.com\/spanish\/wp-content\/uploads\/sites\/3\/2018\/12\/Lisbon-300x200.jpg 300w\" sizes=\"auto, (max-width: 1024px) 100vw, 1024px\" \/><\/div><\/div><\/div><\/div><\/div><\/div><\/div><\/section>\n","protected":false},"excerpt":{"rendered":"Cada d\u00eda, un nuevo paisaje, una nueva experiencia, una nueva emoci\u00f3n: te damos la bienvenida a nuestros fascinantes itinerarios. ESPA\u00d1APORTUGAL","protected":false},"author":1,"featured_media":2578,"parent":0,"menu_order":0,"comment_status":"closed","ping_status":"closed","template":"","meta":{"footnotes":""},"class_list":["post-22","page","type-page","status-publish","has-post-thumbnail","hentry"],"_links":{"self":[{"href":"https:\/\/destination-spain.com\/spanish\/wp-json\/wp\/v2\/pages\/22","targetHints":{"allow":["GET"]}}],"collection":[{"href":"https:\/\/destination-spain.com\/spanish\/wp-json\/wp\/v2\/pages"}],"about":[{"href":"https:\/\/destination-spain.com\/spanish\/wp-json\/wp\/v2\/types\/page"}],"author":[{"embeddable":true,"href":"https:\/\/destination-spain.com\/spanish\/wp-json\/wp\/v2\/users\/1"}],"replies":[{"embeddable":true,"href":"https:\/\/destination-spain.com\/spanish\/wp-json\/wp\/v2\/comments?post=22"}],"version-history":[{"count":8,"href":"https:\/\/destination-spain.com\/spanish\/wp-json\/wp\/v2\/pages\/22\/revisions"}],"predecessor-version":[{"id":3162,"href":"https:\/\/destination-spain.com\/spanish\/wp-json\/wp\/v2\/pages\/22\/revisions\/3162"}],"wp:featuredmedia":[{"embeddable":true,"href":"https:\/\/destination-spain.com\/spanish\/wp-json\/wp\/v2\/media\/2578"}],"wp:attachment":[{"href":"https:\/\/destination-spain.com\/spanish\/wp-json\/wp\/v2\/media?parent=22"}],"curies":[{"name":"wp","href":"https:\/\/api.w.org\/{rel}","templated":true}]}}